{"id":431,"date":"2025-05-23T10:37:50","date_gmt":"2025-05-23T02:37:50","guid":{"rendered":"https:\/\/soulssky.com\/?post_type=product&#038;p=431"},"modified":"2026-03-13T18:38:08","modified_gmt":"2026-03-13T10:38:08","slug":"the-glace-au-citron-dash-boosted-taste-boosted","status":"publish","type":"product","link":"https:\/\/soulssky.com\/fr\/produit\/the-glace-au-citron-dash-boosted-taste-boosted","title":{"rendered":"Th\u00e9 glac\u00e9 au citron DASH, au go\u00fbt relev\u00e9"},"content":{"rendered":"","protected":false},"excerpt":{"rendered":"","protected":false},"featured_media":433,"comment_status":"open","ping_status":"closed","template":"","meta":{"_joinchat":[]},"product_brand":[],"product_cat":[38,237],"product_tag":[],"class_list":{"0":"post-431","1":"product","2":"type-product","3":"status-publish","4":"has-post-thumbnail","6":"product_cat-dash","7":"product_cat-e-cigarette","9":"first","10":"instock","11":"shipping-taxable","12":"purchasable","13":"product-type-simple"},"tiered_pricing_type":"fixed","tiered_pricing_fixed_rules":[],"tiered_pricing_product_settings":{"layout":"default","base_unit_name":{"singular":null,"plural":null},"default_variation":null},"tiered_pricing_minimum_quantity":null,"tiered_pricing_roles_data":[],"tiered_pricing_percentage_rules":[],"_links":{"self":[{"href":"https:\/\/soulssky.com\/fr\/wp-json\/wp\/v2\/product\/431","targetHints":{"allow":["GET"]}}],"collection":[{"href":"https:\/\/soulssky.com\/fr\/wp-json\/wp\/v2\/product"}],"about":[{"href":"https:\/\/soulssky.com\/fr\/wp-json\/wp\/v2\/types\/product"}],"replies":[{"embeddable":true,"href":"https:\/\/soulssky.com\/fr\/wp-json\/wp\/v2\/comments?post=431"}],"wp:featuredmedia":[{"embeddable":true,"href":"https:\/\/soulssky.com\/fr\/wp-json\/wp\/v2\/media\/433"}],"wp:attachment":[{"href":"https:\/\/soulssky.com\/fr\/wp-json\/wp\/v2\/media?parent=431"}],"wp:term":[{"taxonomy":"product_brand","embeddable":true,"href":"https:\/\/soulssky.com\/fr\/wp-json\/wp\/v2\/product_brand?post=431"},{"taxonomy":"product_cat","embeddable":true,"href":"https:\/\/soulssky.com\/fr\/wp-json\/wp\/v2\/product_cat?post=431"},{"taxonomy":"product_tag","embeddable":true,"href":"https:\/\/soulssky.com\/fr\/wp-json\/wp\/v2\/product_tag?post=431"}],"curies":[{"name":"wp","href":"https:\/\/api.w.org\/{rel}","templated":true}]}}